{"id":51,"date":"2014-09-03T04:03:26","date_gmt":"2014-09-03T02:03:26","guid":{"rendered":"http:\/\/dev.psychotherapy-otto.com\/?page_id=51"},"modified":"2025-03-06T09:23:31","modified_gmt":"2025-03-06T07:23:31","slug":"events-calendar","status":"publish","type":"page","link":"https:\/\/www.psychotherapie-otto.com\/en\/events-calendar\/","title":{"rendered":"Events Calendar"},"content":{"rendered":"<h2><span style=\"color: #ff6600;\"><strong>Weiterbildung: <\/strong><strong>Grundstufe Psychodrama\u00a0<\/strong><\/span><\/h2>\n<h3><span style=\"color: #ff6600;\"><strong>Praktiker*in f\u00fcr Gruppenleitung und Beratung\u00a0 <a style=\"color: #ff6600;\" href=\"https:\/\/www.psychotherapie-otto.com\/de\/wp-content\/uploads\/2023\/08\/Flyer-Grundstufe-Muenchen-2024.pdf\">Flyer Grundstufe M\u00fcnchen 2025 <\/a> <\/strong><\/span><\/h3>\n<p><span style=\"color: #ff6600;\"><strong>Beginn<\/strong><strong>:<\/strong>\u00a0 <strong>letztm\u00f6glicher Einstieg 28.\/29.03.2025<\/strong><\/span><\/p>\n<p><span style=\"color: #ff6600;\"><strong>Leitung<\/strong><strong>:<\/strong>\u00a0 <strong>Dr.med. Ulla Schlipk\u00f6ter &amp; Dipl.- Psych. Claudia Otto<\/strong><\/span><\/p>\n<p><span style=\"color: #ff6600;\"><strong>Ort:<\/strong> \u00a0\u00a0\u00a0\u00a0\u00a0\u00a0\u00a0 <strong>M\u00fcnchen<\/strong><\/span><\/p>\n<p><span style=\"color: #ff6600;\"><strong>Weitere Informationen:<\/strong> <\/span><a href=\"http:\/\/www.moreno-psychodrama.de\/Weiterbildungen.htm\">www.moreno-psychodrama.de\/Weiterbildungen.htm<\/a><\/p>\n<h2><span style=\"color: #008000;\"><strong>St\u00f6rungsspezifische Anwendung des <\/strong><strong>Psychodrama &#8211; <\/strong><strong>somatoforme St\u00f6rungen <\/strong><strong><a style=\"color: #008000;\" href=\"https:\/\/www.psychotherapie-otto.com\/de\/wp-content\/uploads\/2024\/07\/2025_05_17_somatoforme_Stoerungen_Muenchen.pdf\">Flyer somatoforme St\u00f6rungen Muenchen<\/a><\/strong><\/span><\/h2>\n<p><span style=\"color: #008000;\"><strong>Termin:\u00a0\u00a0 16.-18.05.2025<\/strong><\/span><\/p>\n<p><span style=\"color: #008000;\"><strong>Leitung:\u00a0 Dipl.-Psych. Annette Drobek &amp; Dipl.-Psych. Claudia Otto <\/strong><\/span><\/p>\n<p><span style=\"color: #008000;\"><strong>Ort:\u00a0\u00a0\u00a0\u00a0\u00a0\u00a0\u00a0\u00a0 M\u00fcnchen<br \/>\n<\/strong><\/span><\/p>\n<p><span style=\"color: #008000;\"><strong>Weitere Informationen: <\/strong><\/span><a href=\"http:\/\/www.moreno-psychodrama.de\/Weiterbildungen.htm\">www.moreno-psychodrama.de<\/a><\/p>\n<h2><span style=\"color: #ff6600;\">Die Offene B\u00fchne\u00a0 &#8211; Psychodrama online<\/span><\/h2>\n<p><span style=\"color: #ff6600;\"><strong>kostenfreies Schnupperangebot im Juli<\/strong><\/span><\/p>\n<p><span style=\"color: #ff6600;\"><strong>Termin:<\/strong> \u00a0 \u00a0 \u00a0\u00a0 <strong>11.07.2025\u00a0 18-20 Uhr<\/strong><\/span><\/p>\n<p><span style=\"color: #ff6600;\"><strong>Leitung:\u00a0\u00a0\u00a0\u00a0\u00a0\u00a0\u00a0 Dipl.-Psych. Claudia Otto<\/strong><\/span><\/p>\n<p><span style=\"color: #ff6600;\"><strong>Ort:<\/strong> \u00a0\u00a0\u00a0\u00a0\u00a0\u00a0\u00a0\u00a0\u00a0\u00a0\u00a0\u00a0\u00a0 <strong>Moreno Institut online<\/strong><\/span><\/p>\n<p><span style=\"color: #ff6600;\"><strong>Weitere Informationen:<\/strong><\/span>\u00a0<a href=\"http:\/\/www.moreno-psychodrama.de\/Weiterbildungen.htm\">www.moreno-psychodrama.de<\/a><\/p>\n<h2><span style=\"color: #008000;\"><strong>Psychodrama und psychodynamische Psychotherapie &#8211; Teil 2<br \/>\n<\/strong><\/span><\/h2>\n<h3><span style=\"color: #008000;\"><strong>Klarifizieren, Differenzieren, Deuten, Durcharbeiten und Stabilisieren<br \/>\n<\/strong><\/span><\/h3>\n<p><span style=\"color: #008000;\"><strong>Termine<\/strong>:\u00a0 \u00a0<strong> Oktober 2025<\/strong><\/span><\/p>\n<p><span style=\"color: #008000;\"><strong>Leitung:<\/strong> \u00a0\u00a0\u00a0 <strong>Dipl.-Psych. Claudia Otto<\/strong><\/span><\/p>\n<p><span style=\"color: #008000;\"><strong>Ort:<\/strong> \u00a0\u00a0\u00a0\u00a0\u00a0\u00a0\u00a0\u00a0\u00a0\u00a0 <strong>M\u00fcnchen<\/strong><\/span><\/p>\n<p><span style=\"color: #008000;\"><strong>Weitere Informationen:<\/strong> <\/span><a href=\"http:\/\/www.moreno-psychodrama.de\/Weiterbildungen.htm\">www.moreno-psychodrama.de<\/a><\/p>\n<h2><span style=\"color: #ff6600;\"><strong>Monodrama Kompakt &#8211; Curriculum <\/strong><\/span><\/h2>\n<p><span style=\"color: #ff6600;\"><strong>Psychodramatechniken und ihre st\u00f6rungsspezifische Anwendung in der Einzeltherapie und Einzelberatung <a href=\"https:\/\/www.psychotherapie-otto.com\/en\/wp-content\/uploads\/2025\/03\/2025-11-07-Monodrama_Kompakt_Curr_Munchen-Ref.pdf\">Flyer Monodrama Kompakt-Curriculum M\u00fcnchen<\/a><br \/>\n<\/strong><\/span><\/p>\n<p><span style=\"color: #ff6600;\"><strong>Termine<\/strong>:\u00a0\u00a0\u00a0 <strong>07.-09.11.2025 \/ 06-08.03.2026 \/ 06.-08.11.2026 \/ 12.-14.03.2027<\/strong><\/span><\/p>\n<p><span style=\"color: #ff6600;\"><strong>Leitung:<\/strong>\u00a0 \u00a0 \u00a0<strong>Dipl.-Psych. Annette Drobek &amp; Dipl.-Psych. Claudia Otto<\/strong><\/span><\/p>\n<p><span style=\"color: #ff6600;\"><strong>Ort:<\/strong> \u00a0\u00a0\u00a0\u00a0\u00a0\u00a0\u00a0\u00a0\u00a0\u00a0 <strong>M\u00fcnchen<\/strong><\/span><\/p>\n<p><span style=\"color: #ff6600;\"><strong>Weitere Informationen:<\/strong><\/span> <a href=\"http:\/\/www.moreno-psychodrama.de\/Weiterbildungen.htm\">www.moreno-psychodrama.de<\/a><\/p>\n<h4><\/h4>\n<h2><span style=\"color: #008000;\"><strong>Psychiatrie f\u00fcr <\/strong><strong>Berufs(wieder)einsteiger<\/strong> <strong>&#8211; Teil 2<\/strong><\/span><\/h2>\n<p><span style=\"color: #008000;\"><strong>Termin<\/strong>:\u00a0\u00a0\u00a0\u00a0\u00a0\u00a0\u00a0 17.-19.11.2025<\/span><\/p>\n<p><span style=\"color: #008000;\"><strong>Leitung:<\/strong> \u00a0\u00a0\u00a0\u00a0\u00a0\u00a0 Dipl.-Psych. Christian Stadler &amp; Dipl.-Psych. Claudia Otto<\/span><\/p>\n<p><span style=\"color: #008000;\"><strong>Ort:<\/strong> \u00a0\u00a0\u00a0\u00a0\u00a0\u00a0\u00a0\u00a0\u00a0\u00a0\u00a0\u00a0\u00a0 Kloster Irrsee<\/span><\/p>\n<p><span style=\"color: #008000;\"><strong>Weitere Informationen:<\/strong><\/span> https:\/\/bildungswerk-irsee.de\/seminare<\/p>\n<h2><span style=\"color: #ff6600;\"><strong>Kompaktcurriculum &#8211; kompetent mit Gruppen arbeiten<br \/>\n<\/strong><\/span><\/h2>\n<h3><span style=\"color: #ff6600;\"><strong>Gruppen leiten und verstehen<br \/>\n<\/strong><\/span><\/h3>\n<p><span style=\"color: #ff6600;\"><strong>Termine<\/strong>:\u00a0 \u00a0<strong> 27.02.-01.03.2026 \/\u00a0 <\/strong><strong>23.-25.10.2026 \/\u00a0 26.-28.02.2027 \/\u00a0 22.-24.10.2027<br \/>\n<\/strong><\/span><\/p>\n<p><span style=\"color: #ff6600;\"><strong>Leitung:<\/strong> \u00a0\u00a0\u00a0 <strong>Dr. med. Bernd Laudenberg &amp; Dipl.-Psych. Claudia Otto<\/strong><\/span><\/p>\n<p><span style=\"color: #ff6600;\"><strong>Ort:<\/strong> \u00a0\u00a0\u00a0\u00a0\u00a0\u00a0\u00a0\u00a0\u00a0\u00a0 <strong>M\u00fcnchen<\/strong><\/span><\/p>\n<p><span style=\"color: #ff6600;\"><strong>Weitere Informationen:<\/strong> <\/span><a href=\"http:\/\/www.moreno-psychodrama.de\/Weiterbildungen.htm\">www.moreno-psychodrama.de<\/a><\/p>\n<h2><span style=\"color: #008000;\"><strong>St\u00f6rungsspezifische Anwendung des <\/strong><strong>Psychodrama &#8211; <\/strong><strong>somatoforme St\u00f6rungen <\/strong><\/span><\/h2>\n<p><span style=\"color: #008000;\"><strong>Termin:\u00a0\u00a0 24.-26.04.2026<\/strong><\/span><\/p>\n<p><span style=\"color: #008000;\"><strong>Leitung:\u00a0 Dipl.-Psych. Annette Drobek &amp; Dipl.-Psych. Claudia Otto <\/strong><\/span><\/p>\n<p><span style=\"color: #008000;\"><strong>Ort:\u00a0\u00a0\u00a0\u00a0\u00a0\u00a0\u00a0 Ravensburg<br \/>\n<\/strong><\/span><\/p>\n<p><span style=\"color: #008000;\"><strong>Weitere Informationen: <\/strong><\/span><a href=\"http:\/\/www.moreno-psychodrama.de\/Weiterbildungen.htm\">www.moreno-psychodrama.de<\/a><\/p>\n<h2><span style=\"color: #ff6600;\"><strong>Psychodrama und psychodynamische Psychotherapie &#8211; Teil 1<br \/>\n<\/strong><\/span><\/h2>\n<h3><span style=\"color: #ff6600;\"><strong>Arbeit mit inneren Repr\u00e4sentanzen, \u00dcbertragungsprozessen und mehr<br \/>\n<\/strong><\/span><\/h3>\n<p><span style=\"color: #ff6600;\"><strong>Termine<\/strong>:\u00a0 \u00a0<strong> 04.\/05.12.2026<\/strong><\/span><\/p>\n<p><span style=\"color: #ff6600;\"><strong>Leitung:<\/strong> \u00a0\u00a0\u00a0 <strong>Dipl.-Psych. Claudia Otto<\/strong><\/span><\/p>\n<p><span style=\"color: #ff6600;\"><strong>Ort:<\/strong> \u00a0\u00a0\u00a0\u00a0\u00a0\u00a0\u00a0\u00a0\u00a0\u00a0 <strong>M\u00fcnchen<\/strong><\/span><\/p>\n<p><span style=\"color: #ff6600;\"><strong>Weitere Informationen:<\/strong> <\/span><a href=\"http:\/\/www.moreno-psychodrama.de\/Weiterbildungen.htm\">www.moreno-psychodrama.de<\/a><\/p>\n<h2><span style=\"color: #008000;\"><strong>Psychiatrie f\u00fcr Berufs(wider)einsteiger- Teil 3<\/strong><\/span><\/h2>\n<p><span style=\"color: #008000;\"><strong>Esst\u00f6rungen, somatoforme St\u00f6rungen, Sucht und Abh\u00e4ngigkeit<br \/>\n<\/strong><\/span><\/p>\n<p><span style=\"color: #008000;\"><strong>Termin:\u00a0\u00a0\u00a0\u00a0 09.-11.12.2026 <\/strong><\/span><\/p>\n<p><span style=\"color: #008000;\"><strong>Leitung:\u00a0\u00a0\u00a0 Dipl.-Psych. Christian Stadler und Dipl.-Psych. Claudia Otto<br \/>\n<\/strong><\/span><\/p>\n<p><span style=\"color: #008000;\"><strong>Ort:\u00a0\u00a0\u00a0\u00a0\u00a0\u00a0\u00a0\u00a0\u00a0\u00a0 Kloster Irrsee<br \/>\n<\/strong><\/span><\/p>\n<p><span style=\"color: #008000;\"><strong>Weitere Informationen:\u00a0 <\/strong><\/span>https:\/\/bildungswerk-irsee.de\/seminare\/1610<\/p>\n<h2><span style=\"color: #ff6600;\"><strong>Paar- und Familientherapie szenisch \u2013 systemisch (PFT)\u00a0\u00a0<\/strong><\/span><\/h2>\n<p><span style=\"color: #ff6600;\"><strong>6-teilige Kompaktqualifikation\u00a0 In Kooperation mit dem Moreno Institut Stuttgart und IPDA\/Schweiz<\/strong><\/span><\/p>\n<p><span style=\"color: #ff6600;\"><strong>Modul 5: L\u00f6sungs- und Ressourcenorientierung\u00a0<\/strong>\u00a0<a href=\"https:\/\/www.psychotherapie-otto.com\/en\/wp-content\/uploads\/2025\/03\/2026-03-13_Paar-Familentherapie_Hamburg_2026-Ref.pdf\">Flyer Paar-Familientherapie Hamburg 2026<\/a><strong><br \/>\n<\/strong><\/span><\/p>\n<p><span style=\"color: #ff6600;\"><strong>Termin: 19.\/20.03.2027<\/strong><\/span><\/p>\n<p><span style=\"color: #ff6600;\"><strong>Leitung: Dr. Kristina Scheuffgen und Claudia Otto<\/strong>\u00a0<\/span><\/p>\n<p><span style=\"color: #ff6600;\"><strong>Weitere Informationen:<\/strong><\/span> <a href=\"http:\/\/www.moreno-psychodrama.de\/Weiterbildungen.htm\">www.moreno-psychodrama.de<\/a><\/p>\n","protected":false},"excerpt":{"rendered":"<p>Weiterbildung: Grundstufe Psychodrama\u00a0 Praktiker*in f\u00fcr Gruppenleitung und Beratung\u00a0 Flyer Grundstufe M\u00fcnchen 2025 Beginn:\u00a0 letztm\u00f6glicher Einstieg 28.\/29.03.2025 Leitung:\u00a0 Dr.med. Ulla Schlipk\u00f6ter &amp; Dipl.- Psych. Claudia Otto Ort: \u00a0\u00a0\u00a0\u00a0\u00a0\u00a0\u00a0 M\u00fcnchen Weitere Informationen: www.moreno-psychodrama.de\/Weiterbildungen.htm St\u00f6rungsspezifische Anwendung des Psychodrama &#8211; somatoforme St\u00f6rungen Flyer somatoforme St\u00f6rungen Muenchen Termin:\u00a0\u00a0 16.-18.05.2025 Leitung:\u00a0 Dipl.-Psych. Annette Drobek &amp; Dipl.-Psych. Claudia Otto Ort:\u00a0\u00a0\u00a0\u00a0\u00a0\u00a0\u00a0\u00a0 M\u00fcnchen Weitere [&hellip;]<\/p>\n","protected":false},"author":1,"featured_media":247,"parent":0,"menu_order":8,"comment_status":"closed","ping_status":"closed","template":"","meta":[],"_links":{"self":[{"href":"https:\/\/www.psychotherapie-otto.com\/en\/wp-json\/wp\/v2\/pages\/51"}],"collection":[{"href":"https:\/\/www.psychotherapie-otto.com\/en\/wp-json\/wp\/v2\/pages"}],"about":[{"href":"https:\/\/www.psychotherapie-otto.com\/en\/wp-json\/wp\/v2\/types\/page"}],"author":[{"embeddable":true,"href":"https:\/\/www.psychotherapie-otto.com\/en\/wp-json\/wp\/v2\/users\/1"}],"replies":[{"embeddable":true,"href":"https:\/\/www.psychotherapie-otto.com\/en\/wp-json\/wp\/v2\/comments?post=51"}],"version-history":[{"count":21,"href":"https:\/\/www.psychotherapie-otto.com\/en\/wp-json\/wp\/v2\/pages\/51\/revisions"}],"predecessor-version":[{"id":278,"href":"https:\/\/www.psychotherapie-otto.com\/en\/wp-json\/wp\/v2\/pages\/51\/revisions\/278"}],"wp:featuredmedia":[{"embeddable":true,"href":"https:\/\/www.psychotherapie-otto.com\/en\/wp-json\/wp\/v2\/media\/247"}],"wp:attachment":[{"href":"https:\/\/www.psychotherapie-otto.com\/en\/wp-json\/wp\/v2\/media?parent=51"}],"curies":[{"name":"wp","href":"https:\/\/api.w.org\/{rel}","templated":true}]}}