{"id":17,"date":"2014-09-01T21:17:27","date_gmt":"2014-09-01T19:17:27","guid":{"rendered":"http:\/\/dev.psychotherapy-otto.com\/?page_id=17"},"modified":"2022-07-24T20:29:39","modified_gmt":"2022-07-24T18:29:39","slug":"einzeltherapie","status":"publish","type":"page","link":"https:\/\/www.psychotherapie-otto.com\/de\/einzeltherapie\/","title":{"rendered":"Einzeltherapie"},"content":{"rendered":"<p><b>Folgende Bereiche k\u00f6nnten in der Einzeltherapie fokussiert werden:<br \/>\n<\/b><\/p>\n<ul>\n<li>Sie sind neu in M\u00fcnchen und m\u00f6chten Unterst\u00fctzung bei der Integration am Arbeitsplatz und im Lebensumfeld.<\/li>\n<li>Sie erleben Stimmungsschwankungen beeintr\u00e4chtigend.<\/li>\n<li>Sie haben Schmerzen in unterschiedlichen Bereichen Ihres K\u00f6rpers.<\/li>\n<li>Sie haben \u00c4ngste und\/oder Panikattacken.<\/li>\n<li>Sie kennen Gef\u00fchle von Einsamkeit und\/oder Selbstwertzweifel.<\/li>\n<li>Ihr Essverhalten ist \u00fcberm\u00e4\u00dfig oder stark eingeschr\u00e4nkt.<\/li>\n<li>Mit einem oder mehreren Familienmitgliedern bestehen Spannungen oder Konflikte.<\/li>\n<li>Sie m\u00f6chten Unterst\u00fctzung erfahren und neue Perspektiven f\u00fcr Ihre Situation und Ihr Leben erarbeiten.<\/li>\n<\/ul>\n<p>Nach 2-5 ausf\u00fchrlichen Erstkontakten werden wir Ihre Ziele an die Therapie sowie die Behandlungsdauer besprechen. Die Sitzungen finden in der Regel ein- bis zweimal pro Woche statt.<\/p>\n<p>Die Behandlung ist tiefenpsychologisch fundiert. Ich bin f\u00fcr <strong>alle Krankenkassen<\/strong> zugelassen.<\/p>\n","protected":false},"excerpt":{"rendered":"<p>Folgende Bereiche k\u00f6nnten in der Einzeltherapie fokussiert werden: Sie sind neu in M\u00fcnchen und m\u00f6chten Unterst\u00fctzung bei der Integration am Arbeitsplatz und im Lebensumfeld. Sie erleben Stimmungsschwankungen beeintr\u00e4chtigend. Sie haben Schmerzen in unterschiedlichen Bereichen Ihres K\u00f6rpers. Sie haben \u00c4ngste und\/oder Panikattacken. Sie kennen Gef\u00fchle von Einsamkeit und\/oder Selbstwertzweifel. Ihr Essverhalten ist \u00fcberm\u00e4\u00dfig oder stark eingeschr\u00e4nkt. [&hellip;]<\/p>\n","protected":false},"author":1,"featured_media":312,"parent":0,"menu_order":4,"comment_status":"closed","ping_status":"closed","template":"","meta":[],"yoast_head":"<!-- This site is optimized with the Yoast SEO plugin v19.3 - https:\/\/yoast.com\/wordpress\/plugins\/seo\/ -->\n<title>Einzeltherapie - Dipl.-Psych. Claudia Otto<\/title>\n<meta name=\"robots\" content=\"index, follow, max-snippet:-1, max-image-preview:large, max-video-preview:-1\" \/>\n<link rel=\"canonical\" href=\"https:\/\/www.psychotherapy-otto.com\/de\/einzeltherapie\/\" \/>\n<meta property=\"og:locale\" content=\"de_DE\" \/>\n<meta property=\"og:type\" content=\"article\" \/>\n<meta property=\"og:title\" content=\"Einzeltherapie - Dipl.-Psych. Claudia Otto\" \/>\n<meta property=\"og:description\" content=\"Folgende Bereiche k\u00f6nnten in der Einzeltherapie fokussiert werden: Sie sind neu in M\u00fcnchen und m\u00f6chten Unterst\u00fctzung bei der Integration am Arbeitsplatz und im Lebensumfeld. Sie erleben Stimmungsschwankungen beeintr\u00e4chtigend. Sie haben Schmerzen in unterschiedlichen Bereichen Ihres K\u00f6rpers. Sie haben \u00c4ngste und\/oder Panikattacken. Sie kennen Gef\u00fchle von Einsamkeit und\/oder Selbstwertzweifel. Ihr Essverhalten ist \u00fcberm\u00e4\u00dfig oder stark eingeschr\u00e4nkt. [&hellip;]\" \/>\n<meta property=\"og:url\" content=\"https:\/\/www.psychotherapy-otto.com\/de\/einzeltherapie\/\" \/>\n<meta property=\"og:site_name\" content=\"Dipl.-Psych. Claudia Otto\" \/>\n<meta property=\"article:modified_time\" content=\"2022-07-24T18:29:39+00:00\" \/>\n<meta property=\"og:image\" content=\"https:\/\/www.psychotherapy-otto.com\/de\/wp-content\/uploads\/2014\/09\/IMG_20220308_161320-e1652989695249.jpg\" \/>\n\t<meta property=\"og:image:width\" content=\"1600\" \/>\n\t<meta property=\"og:image:height\" content=\"500\" \/>\n\t<meta property=\"og:image:type\" content=\"image\/jpeg\" \/>\n<meta name=\"twitter:card\" content=\"summary_large_image\" \/>\n<meta name=\"twitter:label1\" content=\"Gesch\u00e4tzte Lesezeit\" \/>\n\t<meta name=\"twitter:data1\" content=\"1\u00a0Minute\" \/>\n<script type=\"application\/ld+json\" class=\"yoast-schema-graph\">{\"@context\":\"https:\/\/schema.org\",\"@graph\":[{\"@type\":\"WebSite\",\"@id\":\"https:\/\/www.psychotherapie-otto.com\/de\/#website\",\"url\":\"https:\/\/www.psychotherapie-otto.com\/de\/\",\"name\":\"Dipl.-Psych. Claudia Otto\",\"description\":\"Psychologische Psychotherapeutin &amp; Psychodrama-Therapeutin\",\"potentialAction\":[{\"@type\":\"SearchAction\",\"target\":{\"@type\":\"EntryPoint\",\"urlTemplate\":\"https:\/\/www.psychotherapie-otto.com\/de\/?s={search_term_string}\"},\"query-input\":\"required name=search_term_string\"}],\"inLanguage\":\"de\"},{\"@type\":\"ImageObject\",\"inLanguage\":\"de\",\"@id\":\"https:\/\/www.psychotherapy-otto.com\/de\/einzeltherapie\/#primaryimage\",\"url\":\"https:\/\/www.psychotherapie-otto.com\/de\/wp-content\/uploads\/2014\/09\/IMG_20220308_161320-e1652989695249.jpg\",\"contentUrl\":\"https:\/\/www.psychotherapie-otto.com\/de\/wp-content\/uploads\/2014\/09\/IMG_20220308_161320-e1652989695249.jpg\",\"width\":1600,\"height\":500},{\"@type\":\"WebPage\",\"@id\":\"https:\/\/www.psychotherapy-otto.com\/de\/einzeltherapie\/\",\"url\":\"https:\/\/www.psychotherapy-otto.com\/de\/einzeltherapie\/\",\"name\":\"Einzeltherapie - Dipl.-Psych. Claudia Otto\",\"isPartOf\":{\"@id\":\"https:\/\/www.psychotherapie-otto.com\/de\/#website\"},\"primaryImageOfPage\":{\"@id\":\"https:\/\/www.psychotherapy-otto.com\/de\/einzeltherapie\/#primaryimage\"},\"datePublished\":\"2014-09-01T19:17:27+00:00\",\"dateModified\":\"2022-07-24T18:29:39+00:00\",\"breadcrumb\":{\"@id\":\"https:\/\/www.psychotherapy-otto.com\/de\/einzeltherapie\/#breadcrumb\"},\"inLanguage\":\"de\",\"potentialAction\":[{\"@type\":\"ReadAction\",\"target\":[\"https:\/\/www.psychotherapy-otto.com\/de\/einzeltherapie\/\"]}]},{\"@type\":\"BreadcrumbList\",\"@id\":\"https:\/\/www.psychotherapy-otto.com\/de\/einzeltherapie\/#breadcrumb\",\"itemListElement\":[{\"@type\":\"ListItem\",\"position\":1,\"name\":\"Startseite\",\"item\":\"https:\/\/www.psychotherapie-otto.com\/de\/\"},{\"@type\":\"ListItem\",\"position\":2,\"name\":\"Einzeltherapie\"}]}]}<\/script>\n<!-- \/ Yoast SEO plugin. -->","yoast_head_json":{"title":"Einzeltherapie - Dipl.-Psych. Claudia Otto","robots":{"index":"index","follow":"follow","max-snippet":"max-snippet:-1","max-image-preview":"max-image-preview:large","max-video-preview":"max-video-preview:-1"},"canonical":"https:\/\/www.psychotherapy-otto.com\/de\/einzeltherapie\/","og_locale":"de_DE","og_type":"article","og_title":"Einzeltherapie - Dipl.-Psych. Claudia Otto","og_description":"Folgende Bereiche k\u00f6nnten in der Einzeltherapie fokussiert werden: Sie sind neu in M\u00fcnchen und m\u00f6chten Unterst\u00fctzung bei der Integration am Arbeitsplatz und im Lebensumfeld. Sie erleben Stimmungsschwankungen beeintr\u00e4chtigend. Sie haben Schmerzen in unterschiedlichen Bereichen Ihres K\u00f6rpers. Sie haben \u00c4ngste und\/oder Panikattacken. Sie kennen Gef\u00fchle von Einsamkeit und\/oder Selbstwertzweifel. Ihr Essverhalten ist \u00fcberm\u00e4\u00dfig oder stark eingeschr\u00e4nkt. [&hellip;]","og_url":"https:\/\/www.psychotherapy-otto.com\/de\/einzeltherapie\/","og_site_name":"Dipl.-Psych. Claudia Otto","article_modified_time":"2022-07-24T18:29:39+00:00","og_image":[{"width":1600,"height":500,"url":"https:\/\/www.psychotherapy-otto.com\/de\/wp-content\/uploads\/2014\/09\/IMG_20220308_161320-e1652989695249.jpg","type":"image\/jpeg"}],"twitter_card":"summary_large_image","twitter_misc":{"Gesch\u00e4tzte Lesezeit":"1\u00a0Minute"},"schema":{"@context":"https:\/\/schema.org","@graph":[{"@type":"WebSite","@id":"https:\/\/www.psychotherapie-otto.com\/de\/#website","url":"https:\/\/www.psychotherapie-otto.com\/de\/","name":"Dipl.-Psych. Claudia Otto","description":"Psychologische Psychotherapeutin &amp; Psychodrama-Therapeutin","potentialAction":[{"@type":"SearchAction","target":{"@type":"EntryPoint","urlTemplate":"https:\/\/www.psychotherapie-otto.com\/de\/?s={search_term_string}"},"query-input":"required name=search_term_string"}],"inLanguage":"de"},{"@type":"ImageObject","inLanguage":"de","@id":"https:\/\/www.psychotherapy-otto.com\/de\/einzeltherapie\/#primaryimage","url":"https:\/\/www.psychotherapie-otto.com\/de\/wp-content\/uploads\/2014\/09\/IMG_20220308_161320-e1652989695249.jpg","contentUrl":"https:\/\/www.psychotherapie-otto.com\/de\/wp-content\/uploads\/2014\/09\/IMG_20220308_161320-e1652989695249.jpg","width":1600,"height":500},{"@type":"WebPage","@id":"https:\/\/www.psychotherapy-otto.com\/de\/einzeltherapie\/","url":"https:\/\/www.psychotherapy-otto.com\/de\/einzeltherapie\/","name":"Einzeltherapie - Dipl.-Psych. Claudia Otto","isPartOf":{"@id":"https:\/\/www.psychotherapie-otto.com\/de\/#website"},"primaryImageOfPage":{"@id":"https:\/\/www.psychotherapy-otto.com\/de\/einzeltherapie\/#primaryimage"},"datePublished":"2014-09-01T19:17:27+00:00","dateModified":"2022-07-24T18:29:39+00:00","breadcrumb":{"@id":"https:\/\/www.psychotherapy-otto.com\/de\/einzeltherapie\/#breadcrumb"},"inLanguage":"de","potentialAction":[{"@type":"ReadAction","target":["https:\/\/www.psychotherapy-otto.com\/de\/einzeltherapie\/"]}]},{"@type":"BreadcrumbList","@id":"https:\/\/www.psychotherapy-otto.com\/de\/einzeltherapie\/#breadcrumb","itemListElement":[{"@type":"ListItem","position":1,"name":"Startseite","item":"https:\/\/www.psychotherapie-otto.com\/de\/"},{"@type":"ListItem","position":2,"name":"Einzeltherapie"}]}]}},"_links":{"self":[{"href":"https:\/\/www.psychotherapie-otto.com\/de\/wp-json\/wp\/v2\/pages\/17"}],"collection":[{"href":"https:\/\/www.psychotherapie-otto.com\/de\/wp-json\/wp\/v2\/pages"}],"about":[{"href":"https:\/\/www.psychotherapie-otto.com\/de\/wp-json\/wp\/v2\/types\/page"}],"author":[{"embeddable":true,"href":"https:\/\/www.psychotherapie-otto.com\/de\/wp-json\/wp\/v2\/users\/1"}],"replies":[{"embeddable":true,"href":"https:\/\/www.psychotherapie-otto.com\/de\/wp-json\/wp\/v2\/comments?post=17"}],"version-history":[{"count":7,"href":"https:\/\/www.psychotherapie-otto.com\/de\/wp-json\/wp\/v2\/pages\/17\/revisions"}],"predecessor-version":[{"id":334,"href":"https:\/\/www.psychotherapie-otto.com\/de\/wp-json\/wp\/v2\/pages\/17\/revisions\/334"}],"wp:featuredmedia":[{"embeddable":true,"href":"https:\/\/www.psychotherapie-otto.com\/de\/wp-json\/wp\/v2\/media\/312"}],"wp:attachment":[{"href":"https:\/\/www.psychotherapie-otto.com\/de\/wp-json\/wp\/v2\/media?parent=17"}],"curies":[{"name":"wp","href":"https:\/\/api.w.org\/{rel}","templated":true}]}}